{"id":7069,"date":"2025-03-30T08:48:44","date_gmt":"2025-03-30T06:48:44","guid":{"rendered":"https:\/\/peppone.tirol\/summer-card\/"},"modified":"2026-03-22T18:22:04","modified_gmt":"2026-03-22T17:22:04","slug":"summer-card","status":"publish","type":"page","link":"https:\/\/peppone.tirol\/en\/summer-card\/","title":{"rendered":"Summer Card"},"content":{"rendered":"\t\t<div data-elementor-type=\"wp-page\" data-elementor-id=\"7069\" class=\"elementor elementor-7069 elementor-3370\">\n\t\t\t\t<div class=\"no elementor-element elementor-element-df4e3c3 e-flex e-con-boxed rt-default-class e-con e-parent\" data-id=\"df4e3c3\" data-element_type=\"container\" data-e-type=\"container\">\n\t\t\t\t\t<div class=\"e-con-inner\">\n\t\t\t\t<div class=\"elementor-element elementor-element-1d30e0f elementor-widget elementor-widget-heading\" data-id=\"1d30e0f\" data-element_type=\"widget\" data-e-type=\"widget\" data-widget_type=\"heading.default\">\n\t\t\t\t<div class=\"elementor-widget-container\">\n\t\t\t\t\t<h1 class=\"elementor-heading-title elementor-size-default\">Summer Card \u00d6tztal<\/h1>\t\t\t\t<\/div>\n\t\t\t\t<\/div>\n\t\t\t\t<div class=\"elementor-element elementor-element-31866be elementor-widget elementor-widget-text-editor\" data-id=\"31866be\" data-element_type=\"widget\" data-e-type=\"widget\" data-widget_type=\"text-editor.default\">\n\t\t\t\t<div class=\"elementor-widget-container\">\n\t\t\t\t\t\t\t\t\t<p>Hey, did you already know? Your \u00d6tztal vacation now includes more!<br>At check-in you will receive the <strong>\u00d6tztal Inside Guide<\/strong> as your personal travel companion. It offers you everything you need for top organized,<br>relaxed vacations &#8211; free of charge &amp; conveniently on your smartphone. The free <strong>\u00d6tztal Inside Card<\/strong> is also included.<br>With it you enjoy many exclusive benefits such as backstage visits to regional producers, discounts on tickets, tours and courses as well as an unbeatable Alpine safety upgrade.<br>As a guest of our hotel you get on top of that     <strong>from 04.06. to 04.10.2026 <\/strong> <strong>Premium upgrade included<\/strong>:<br>With the <strong>\u00d6tztal Inside Summer Card<\/strong> you can additionally use all summer highlights<br>of the valley such as mountain lifts, swimming pools, museums, leisure facilities, public transport and much more from the second day of your stay.<\/p><p>More information at <a href=\"https:\/\/www.oetztal.com\/inside\" target=\"_blank\" rel=\"noopener\">www.oetztal.com\/inside<\/a><\/p><p><strong>Valid from June 04 to October 04, 2026!<\/strong><\/p><p><strong>FREE services:<\/strong><\/p><ul><li>Free travel on the 12 summer mountain railroads<\/li><li>Free entry to swimming pools,<\/li><li>Free admission to bathing lakes<\/li><li>Free admission to museums<\/li><li>Free admission to leisure facilities and much more.<\/li><li>2x free admission to the AQUA DOME thermal spa for 3 hours (May, June and September, October)<\/li><li>Included stays at AREA 47<\/li><li>One entry to AREA47: Water Area and Wake Area per ticket<\/li><li>One-time 1h ticket per card for wakeboarding in the Wake AREA excl. rental <\/li><\/ul>\t\t\t\t\t\t\t\t<\/div>\n\t\t\t\t<\/div>\n\t\t\t\t\t<\/div>\n\t\t\t\t<\/div>\n\t\t<div class=\"no elementor-element elementor-element-432658a e-flex e-con-boxed rt-default-class e-con e-parent\" data-id=\"432658a\" data-element_type=\"container\" data-e-type=\"container\">\n\t\t\t\t\t<div class=\"e-con-inner\">\n\t\t<div class=\"no elementor-element elementor-element-915121e e-con-full e-flex rt-default-class e-con e-child\" data-id=\"915121e\" data-element_type=\"container\" data-e-type=\"container\">\n\t\t\t\t<div class=\"elementor-element elementor-element-88be90b elementor-widget elementor-widget-rt-offer-item\" data-id=\"88be90b\" data-element_type=\"widget\" data-e-type=\"widget\" data-widget_type=\"rt-offer-item.default\">\n\t\t\t\t<div class=\"elementor-widget-container\">\n\t\t\t\t\t\r\n        <div class=\"rt-offer-item rt-offer-wrapper-17298\">\r\n\r\n                            <div class=\"rt_offer_grid row style1\">\r\n                                                                                            <div class=\"col-lg-12 col-md-12 col-sm-12 col-12 grid-item\">\r\n                                                            <div class=\"hover position-relative overflow-hidden wow fadeInUp animated radius\" data-wow-delay=\"0.3s\">\r\n\t\t\t<img decoding=\"async\" src=\"https:\/\/peppone.tirol\/wp-content\/uploads\/2025\/03\/laeng_adlerblick_herbst-apart-peppone-1030x687.jpg\" class=\"w-100 hover-scale-1-1\" alt=\"offer-image\">\r\n\t\t<div class=\"offer-content abs bottom-0 mb-3 w-100\">\r\n\t\t\t\t\t<h3 class=\"title\">Sommer Aktivit\u00e4ten<\/h3>\r\n\t\t\t\t\t\t\t\t\t<a class=\"btn-main\" href=\"https:\/\/www.oetztal.com\/de\/sommer\/wandern-bergsteigen\/wanderrouten\/wanderrouten-routen.html#area=1012583&#038;cat=Wanderung&#038;filter=r-fullyTranslatedLangus-5381,sb-sortedBy-0&#038;fu=1&#038;ov=hiking&#038;view=gallery&#038;wt=L%C3%A4ngenfeld%20(Imst,%20Tirol,%20%C3%96sterreich)1012583&#038;zc=12,10.98247,47.05287\" =_blank target=\"_blank\" rel=\"noopener\">Zum Sommer<\/a>\r\n\t\t\t<\/div>\r\n\t<div class=\"rt-offer-overlay abs w-100 bottom-0\"><\/div>\r\n<\/div>\r\n\t\t                            <\/div> \r\n                                            <\/div> \r\n                    <\/div>\r\n         \r\n        <script type=\"text\/javascript\">\r\n            jQuery(document).ready(function() {\r\n                var swiper1729817298 = new Swiper(\".rt_offer_slider-17298\", {\r\n                    slidesPerView: 1,\r\n                                        speed: 1000,\r\n                    slidesPerGroup: 1,\r\n                    loop: false,\r\n                    autoplay: false, \r\n                    centeredSlides: false,\r\n                    pagination: {\r\n                        el: \".swiper-pagination\",\r\n                        clickable: true,\r\n                    },\r\n                    navigation: {\r\n                        nextEl: \".rt_offer_slider-btn-wrapper-17298 .swiper-button-next\",\r\n                        prevEl: \".rt_offer_slider-btn-wrapper-17298 .swiper-button-prev\",\r\n                    },\r\n                    breakpoints: {\r\n                                                1399: {\r\n                            slidesPerView: 4,\r\n                        }\r\n                    }\r\n                });\r\n            });\r\n        <\/script>\r\n\t\t\t\t<\/div>\n\t\t\t\t<\/div>\n\t\t\t\t<div class=\"elementor-element elementor-element-5901ac8 elementor-widget elementor-widget-text-editor\" data-id=\"5901ac8\" data-element_type=\"widget\" data-e-type=\"widget\" data-widget_type=\"text-editor.default\">\n\t\t\t\t<div class=\"elementor-widget-container\">\n\t\t\t\t\t\t\t\t\t<p>There are numerous activities in the \u00d6tztal in summer: the mountain lifts take you easily to countless hikes, mountain lakes, high-altitude trails and impressive panoramic views. Visit the unique <strong>James Bond Adventure World<\/strong>, admire the <strong>spectacular <a href=\"https:\/\/www.oetztal.com\/de\/regionen-orte\/oetztal-a-z\/stuibenfall-tirols-groesster-wasserfall.i-2e167aba-7e9a-4900-997c-fb7229210867\" target=\"_blank\" rel=\"noopener\">natural spectacle of the Stuiben Falls<\/a><\/strong>, experience unforgettable hours in the <strong><a href=\"https:\/\/www.oetztal.com\/de\/aktivitaeten\/ausflugsziele\/widiversum\" target=\"_blank\" rel=\"noopener\">Widiversum in Hochoetz<\/a>,<\/strong> ideal for families, or get an <strong>adrenaline kick in <a href=\"https:\/\/www.area47.at\/\" target=\"_blank\" rel=\"noopener\">AREA 47.<\/a><\/strong> <\/p>\t\t\t\t\t\t\t\t<\/div>\n\t\t\t\t<\/div>\n\t\t\t\t<\/div>\n\t\t<div class=\"no elementor-element elementor-element-d7b9ad0 e-con-full e-flex rt-default-class e-con e-child\" data-id=\"d7b9ad0\" data-element_type=\"container\" data-e-type=\"container\">\n\t\t\t\t<div class=\"elementor-element elementor-element-0c82ea0 elementor-widget elementor-widget-rt-offer-item\" data-id=\"0c82ea0\" data-element_type=\"widget\" data-e-type=\"widget\" data-widget_type=\"rt-offer-item.default\">\n\t\t\t\t<div class=\"elementor-widget-container\">\n\t\t\t\t\t\r\n        <div class=\"rt-offer-item rt-offer-wrapper-19693\">\r\n\r\n                            <div class=\"rt_offer_grid row style1\">\r\n                                                                                            <div class=\"col-lg-12 col-md-12 col-sm-12 col-12 grid-item\">\r\n                                                            <div class=\"hover position-relative overflow-hidden wow fadeInUp animated radius\" data-wow-delay=\"0.3s\">\r\n\t\t\t<img decoding=\"async\" src=\"https:\/\/peppone.tirol\/wp-content\/uploads\/2025\/03\/aquadome-thermenhalle1-scaled-1-1030x686.jpg\" class=\"w-100 hover-scale-1-1\" alt=\"offer-image\">\r\n\t\t<div class=\"offer-content abs bottom-0 mb-3 w-100\">\r\n\t\t\t\t\t<h3 class=\"title\">Aqua Dome<\/h3>\r\n\t\t\t\t\t\t\t\t\t<a class=\"btn-main\" href=\"https:\/\/peppone.tirol\/aqua-dome-2\/\" =_blank>600 m entfernt<\/a>\r\n\t\t\t<\/div>\r\n\t<div class=\"rt-offer-overlay abs w-100 bottom-0\"><\/div>\r\n<\/div>\r\n\t\t                            <\/div> \r\n                                            <\/div> \r\n                    <\/div>\r\n         \r\n        <script type=\"text\/javascript\">\r\n            jQuery(document).ready(function() {\r\n                var swiper1969319693 = new Swiper(\".rt_offer_slider-19693\", {\r\n                    slidesPerView: 1,\r\n                                        speed: 1000,\r\n                    slidesPerGroup: 1,\r\n                    loop: false,\r\n                    autoplay: false, \r\n                    centeredSlides: false,\r\n                    pagination: {\r\n                        el: \".swiper-pagination\",\r\n                        clickable: true,\r\n                    },\r\n                    navigation: {\r\n                        nextEl: \".rt_offer_slider-btn-wrapper-19693 .swiper-button-next\",\r\n                        prevEl: \".rt_offer_slider-btn-wrapper-19693 .swiper-button-prev\",\r\n                    },\r\n                    breakpoints: {\r\n                                                1399: {\r\n                            slidesPerView: 4,\r\n                        }\r\n                    }\r\n                });\r\n            });\r\n        <\/script>\r\n\t\t\t\t<\/div>\n\t\t\t\t<\/div>\n\t\t\t\t<div class=\"elementor-element elementor-element-df49d80 elementor-widget elementor-widget-text-editor\" data-id=\"df49d80\" data-element_type=\"widget\" data-e-type=\"widget\" data-widget_type=\"text-editor.default\">\n\t\t\t\t<div class=\"elementor-widget-container\">\n\t\t\t\t\t\t\t\t\t<p>Just a 5-minute walk from Apart Peppone is the &#8220;<a href=\"https:\/\/peppone.tirol\/en\/aqua-dome\/\"><strong>Aqua Dome<\/strong><\/a>&#8221; our partner business. This <strong>pampering paradise in L\u00e4ngenfeld<\/strong> offers <strong>tired winter sports enthusiasts<\/strong> a wide range of indoor and outdoor <strong>relaxation and wellness<\/strong> facilities. <\/p><p>With the Summer Card you get <strong>2x<\/strong> free <strong>entry to the thermal baths for 3 hours<\/strong> (without sauna) per card.<\/p>\t\t\t\t\t\t\t\t<\/div>\n\t\t\t\t<\/div>\n\t\t\t\t<\/div>\n\t\t\t\t\t<\/div>\n\t\t\t\t<\/div>\n\t\t\t\t<\/div>\n\t\t","protected":false},"excerpt":{"rendered":"<p>Summer Card \u00d6tztal Hey, did you already know? Your \u00d6tztal vacation now includes more!At check-in you will receive the \u00d6tztal Inside Guide as your personal travel companion. It offers you everything you need for top organized,relaxed vacations &#8211; free of charge &amp; conveniently on your smartphone. The free \u00d6tztal Inside Card is also included.With it&#8230;<\/p>\n","protected":false},"author":4,"featured_media":0,"parent":0,"menu_order":5,"comment_status":"closed","ping_status":"closed","template":"","meta":{"footnotes":""},"class_list":["post-7069","page","type-page","status-publish","hentry"],"_links":{"self":[{"href":"https:\/\/peppone.tirol\/en\/wp-json\/wp\/v2\/pages\/7069","targetHints":{"allow":["GET"]}}],"collection":[{"href":"https:\/\/peppone.tirol\/en\/wp-json\/wp\/v2\/pages"}],"about":[{"href":"https:\/\/peppone.tirol\/en\/wp-json\/wp\/v2\/types\/page"}],"author":[{"embeddable":true,"href":"https:\/\/peppone.tirol\/en\/wp-json\/wp\/v2\/users\/4"}],"replies":[{"embeddable":true,"href":"https:\/\/peppone.tirol\/en\/wp-json\/wp\/v2\/comments?post=7069"}],"version-history":[{"count":2,"href":"https:\/\/peppone.tirol\/en\/wp-json\/wp\/v2\/pages\/7069\/revisions"}],"predecessor-version":[{"id":8518,"href":"https:\/\/peppone.tirol\/en\/wp-json\/wp\/v2\/pages\/7069\/revisions\/8518"}],"wp:attachment":[{"href":"https:\/\/peppone.tirol\/en\/wp-json\/wp\/v2\/media?parent=7069"}],"curies":[{"name":"wp","href":"https:\/\/api.w.org\/{rel}","templated":true}]}}